{"id":129,"date":"2015-03-10T09:11:29","date_gmt":"2015-03-10T09:11:29","guid":{"rendered":"https:\/\/www.ercc.ee\/avaleht-2\/"},"modified":"2015-04-05T14:42:23","modified_gmt":"2015-04-05T14:42:23","slug":"avaleht","status":"publish","type":"page","link":"https:\/\/www.ercc.ee\/en\/","title":{"rendered":"Home"},"content":{"rendered":"<h2>ERC CONSULTING LTD<\/h2>\n<p>ERC Consulting Ltd is Estonian capital based consulting company established in 1993. We provide to our customers high level road and traffic-related consulting and R&amp;D services. Our consultants have extensive work experience in their field of expertise, both in Estonia and elsewhere in the world. ERC Consulting Ltd has business relationships and contacts with various Estonian and international companies, consultants and experts.<\/p>\n<p><strong>Expertise<\/strong><\/p>\n<div class=\"six column \">\n<ul class=\"arrow \">\n<li>Pavement and traffic R&amp;D<\/li>\n<li>Pavement condition measurements<\/li>\n<li>Pavement condition analysis<\/li>\n<li>Pavement condition measurement device brokerage<\/li>\n<li>Program, project and strategy level analysis, RAMS<\/li>\n<li>Bridge management system, BMS<\/li>\n<\/ul>\n<\/div>\n<div class=\"six column \">\n<ul class=\"arrow \">\n<li>Cost-benefit analysis, HDM-4<\/li>\n<li>Transport sector funding application<\/li>\n<li>Traffic data analysis and traffic forecast<\/li>\n<li>Traffic safety<\/li>\n<li>Traffic safety inspection<\/li>\n<li>Project management and Consultation<\/li>\n<\/ul>\n<\/div>\n<p>&nbsp;<\/p>\n","protected":false},"excerpt":{"rendered":"<p>ERC CONSULTING LTD ERC Consulting Ltd is Estonian capital based consulting company established in 1993. We provide to our customers high level road and traffic-related consulting and R&amp;D services. Our consultants have extensive work experience in their field of expertise, both in Estonia and elsewhere in the world. ERC Consulting Ltd has business relationships and [&hellip;]<\/p>\n","protected":false},"author":1,"featured_media":0,"parent":0,"menu_order":0,"comment_status":"open","ping_status":"open","template":"","meta":{"footnotes":""},"class_list":["post-129","page","type-page","status-publish","hentry"],"yoast_head":"<!-- This site is optimized with the Yoast SEO plugin v26.9 - https:\/\/yoast.com\/product\/yoast-seo-wordpress\/ -->\n<title>Home - ERC Konsultatsiooni O\u00dc<\/title>\n<meta name=\"description\" content=\"ERC Konsultatsiooni O\u00dc pakub oma klientidele k\u00f5rgetasemelist teede- ja liikluse alast konsultatsiooni. Meie konsultandid omavad pikaajalist t\u00f6\u00f6kogemust.\" \/>\n<meta name=\"robots\" content=\"index, follow, max-snippet:-1, max-image-preview:large, max-video-preview:-1\" \/>\n<link rel=\"canonical\" href=\"https:\/\/www.ercc.ee\/en\/\" \/>\n<meta property=\"og:locale\" content=\"en_US\" \/>\n<meta property=\"og:type\" content=\"article\" \/>\n<meta property=\"og:title\" content=\"Home - ERC Konsultatsiooni O\u00dc\" \/>\n<meta property=\"og:description\" content=\"ERC Konsultatsiooni O\u00dc pakub oma klientidele k\u00f5rgetasemelist teede- ja liikluse alast konsultatsiooni. Meie konsultandid omavad pikaajalist t\u00f6\u00f6kogemust.\" \/>\n<meta property=\"og:url\" content=\"https:\/\/www.ercc.ee\/en\/\" \/>\n<meta property=\"og:site_name\" content=\"ERC Konsultatsiooni O\u00dc\" \/>\n<meta property=\"article:modified_time\" content=\"2015-04-05T14:42:23+00:00\" \/>\n<meta name=\"twitter:label1\" content=\"Est. reading time\" \/>\n\t<meta name=\"twitter:data1\" content=\"1 minute\" \/>\n<script type=\"application\/ld+json\" class=\"yoast-schema-graph\">{\"@context\":\"https:\/\/schema.org\",\"@graph\":[{\"@type\":\"WebPage\",\"@id\":\"https:\/\/www.ercc.ee\/en\/\",\"url\":\"https:\/\/www.ercc.ee\/en\/\",\"name\":\"Home - ERC Konsultatsiooni O\u00dc\",\"isPartOf\":{\"@id\":\"https:\/\/www.ercc.ee\/en\/#website\"},\"datePublished\":\"2015-03-10T09:11:29+00:00\",\"dateModified\":\"2015-04-05T14:42:23+00:00\",\"description\":\"ERC Konsultatsiooni O\u00dc pakub oma klientidele k\u00f5rgetasemelist teede- ja liikluse alast konsultatsiooni. Meie konsultandid omavad pikaajalist t\u00f6\u00f6kogemust.\",\"breadcrumb\":{\"@id\":\"https:\/\/www.ercc.ee\/en\/#breadcrumb\"},\"inLanguage\":\"en-US\",\"potentialAction\":[{\"@type\":\"ReadAction\",\"target\":[\"https:\/\/www.ercc.ee\/en\/\"]}]},{\"@type\":\"BreadcrumbList\",\"@id\":\"https:\/\/www.ercc.ee\/en\/#breadcrumb\",\"itemListElement\":[{\"@type\":\"ListItem\",\"position\":1,\"name\":\"Home\",\"item\":\"https:\/\/www.ercc.ee\/en\/\"},{\"@type\":\"ListItem\",\"position\":2,\"name\":\"Home\"}]},{\"@type\":\"WebSite\",\"@id\":\"https:\/\/www.ercc.ee\/en\/#website\",\"url\":\"https:\/\/www.ercc.ee\/en\/\",\"name\":\"ERC Konsultatsiooni O\u00dc\",\"description\":\"\",\"potentialAction\":[{\"@type\":\"SearchAction\",\"target\":{\"@type\":\"EntryPoint\",\"urlTemplate\":\"https:\/\/www.ercc.ee\/en\/?s={search_term_string}\"},\"query-input\":{\"@type\":\"PropertyValueSpecification\",\"valueRequired\":true,\"valueName\":\"search_term_string\"}}],\"inLanguage\":\"en-US\"}]}<\/script>\n<!-- \/ Yoast SEO plugin. -->","yoast_head_json":{"title":"Home - ERC Konsultatsiooni O\u00dc","description":"ERC Konsultatsiooni O\u00dc pakub oma klientidele k\u00f5rgetasemelist teede- ja liikluse alast konsultatsiooni. Meie konsultandid omavad pikaajalist t\u00f6\u00f6kogemust.","robots":{"index":"index","follow":"follow","max-snippet":"max-snippet:-1","max-image-preview":"max-image-preview:large","max-video-preview":"max-video-preview:-1"},"canonical":"https:\/\/www.ercc.ee\/en\/","og_locale":"en_US","og_type":"article","og_title":"Home - ERC Konsultatsiooni O\u00dc","og_description":"ERC Konsultatsiooni O\u00dc pakub oma klientidele k\u00f5rgetasemelist teede- ja liikluse alast konsultatsiooni. Meie konsultandid omavad pikaajalist t\u00f6\u00f6kogemust.","og_url":"https:\/\/www.ercc.ee\/en\/","og_site_name":"ERC Konsultatsiooni O\u00dc","article_modified_time":"2015-04-05T14:42:23+00:00","twitter_misc":{"Est. reading time":"1 minute"},"schema":{"@context":"https:\/\/schema.org","@graph":[{"@type":"WebPage","@id":"https:\/\/www.ercc.ee\/en\/","url":"https:\/\/www.ercc.ee\/en\/","name":"Home - ERC Konsultatsiooni O\u00dc","isPartOf":{"@id":"https:\/\/www.ercc.ee\/en\/#website"},"datePublished":"2015-03-10T09:11:29+00:00","dateModified":"2015-04-05T14:42:23+00:00","description":"ERC Konsultatsiooni O\u00dc pakub oma klientidele k\u00f5rgetasemelist teede- ja liikluse alast konsultatsiooni. Meie konsultandid omavad pikaajalist t\u00f6\u00f6kogemust.","breadcrumb":{"@id":"https:\/\/www.ercc.ee\/en\/#breadcrumb"},"inLanguage":"en-US","potentialAction":[{"@type":"ReadAction","target":["https:\/\/www.ercc.ee\/en\/"]}]},{"@type":"BreadcrumbList","@id":"https:\/\/www.ercc.ee\/en\/#breadcrumb","itemListElement":[{"@type":"ListItem","position":1,"name":"Home","item":"https:\/\/www.ercc.ee\/en\/"},{"@type":"ListItem","position":2,"name":"Home"}]},{"@type":"WebSite","@id":"https:\/\/www.ercc.ee\/en\/#website","url":"https:\/\/www.ercc.ee\/en\/","name":"ERC Konsultatsiooni O\u00dc","description":"","potentialAction":[{"@type":"SearchAction","target":{"@type":"EntryPoint","urlTemplate":"https:\/\/www.ercc.ee\/en\/?s={search_term_string}"},"query-input":{"@type":"PropertyValueSpecification","valueRequired":true,"valueName":"search_term_string"}}],"inLanguage":"en-US"}]}},"_links":{"self":[{"href":"https:\/\/www.ercc.ee\/en\/wp-json\/wp\/v2\/pages\/129","targetHints":{"allow":["GET"]}}],"collection":[{"href":"https:\/\/www.ercc.ee\/en\/wp-json\/wp\/v2\/pages"}],"about":[{"href":"https:\/\/www.ercc.ee\/en\/wp-json\/wp\/v2\/types\/page"}],"author":[{"embeddable":true,"href":"https:\/\/www.ercc.ee\/en\/wp-json\/wp\/v2\/users\/1"}],"replies":[{"embeddable":true,"href":"https:\/\/www.ercc.ee\/en\/wp-json\/wp\/v2\/comments?post=129"}],"version-history":[{"count":2,"href":"https:\/\/www.ercc.ee\/en\/wp-json\/wp\/v2\/pages\/129\/revisions"}],"predecessor-version":[{"id":131,"href":"https:\/\/www.ercc.ee\/en\/wp-json\/wp\/v2\/pages\/129\/revisions\/131"}],"wp:attachment":[{"href":"https:\/\/www.ercc.ee\/en\/wp-json\/wp\/v2\/media?parent=129"}],"curies":[{"name":"wp","href":"https:\/\/api.w.org\/{rel}","templated":true}]}}