{"id":133,"date":"2015-03-10T09:49:30","date_gmt":"2015-03-10T09:49:30","guid":{"rendered":"https:\/\/www.ercc.ee\/tehtud-tood-2\/"},"modified":"2019-04-02T14:27:14","modified_gmt":"2019-04-02T14:27:14","slug":"portfolio","status":"publish","type":"page","link":"https:\/\/www.ercc.ee\/en\/portfolio\/","title":{"rendered":"Portfolio"},"content":{"rendered":"<h2>ACTIVE PROJECTS<\/h2>\n<ul class=\"arrow \">\n<li>Uuendatud THK aastateks 2014-2020 varustuskindluse mahtude uuring<\/li>\n<li>Riigitee 15 Tallinna-Rapla-T\u00fcri km 97,27 vajumi maaradari uuring<\/li>\n<li>Consultancy Services for Design of Enhanced Business Processes &amp; Change Management Strategy for Institutionalizing Road Asset Management in Nigeria<\/li>\n<li>Teekatte tasasuse (IRI) kontrollm\u00f5\u00f5tmised seadmega Roadroid<\/li>\n<li>IRI-arv ja m\u00f5\u00f5tmise metoodika ning m\u00f5\u00f5tmisega seotud probleemidest uutel pinnatud teekatetel (<em>valminud, ERC\/19\/2016<\/em>)<\/li>\n<li>P\u00f5himaantee nr 10 Risti-Virtsu-Kuivastu-Kuressaare teel\u00f5igu K\u00f5msi-Virtsu (km 56.4-65.0) rekonstrueerimise p\u00f5hiprojekti tasuvus-, finants- ja riskianal\u00fc\u00fcs ja \u00dcF rahastustaotluse koostamine<\/li>\n<li>Liiklusloenduse tegemine kergliiklusteedel 2016\u00a0(<em>valminud, ERC\/18\/2016<\/em>)<\/li>\n<li>Riigi k\u00f5rvalmaantee nr 11173 Vasalemma jaama tee km 0-1,403 koos jalg- ja jalgrattateega p\u00f5hiprojekti liiklusohutuse auditeerimine\u00a0(<em>valminud, ERC\/17\/2016<\/em>)<\/li>\n<li>Liiklusohutusauditi teostamine p\u00f5himaantee nr 2 (E263) Tallinn-Tartu-V\u00f5ru-Luhamaa Tartu \u00fcmbers\u00f5idu V ehitusalal p\u00e4rast liiklusele avamist (<em>valminud, ERC\/16\/2016<\/em>)<\/li>\n<li>Riigi p\u00f5himaantee nr 4 (E67) Tallinn-P\u00e4rnu-Ikla km 37-42 Kernu \u00fcmbers\u00f5idu p\u00f5hiprojekti liiklusohutuse auditeerimine\u00a0(<em>valminud, ERC\/15\/2016<\/em>)<\/li>\n<li>Teadus- ja arendust\u00f6\u00f6 &#8220;Optimaalse tee konstruktsiooni koostamise metoodika v\u00e4ljat\u00f6\u00f6tamise I etapp&#8221;\u00a0(<em>valminud, ERC\/14\/2016<\/em>)<\/li>\n<li>Liiklusloenduse tulemused 2016.aastal. II etapp (<em>valminud, ERC\/13\/2016<\/em>)<\/li>\n<li>Study on the effectiveness and on the improvements of the Central Baltic transport Project &#8220;Smart E67 Ex-Ante and Ex-Post evaluation&#8221; (<em>valminud, ERC\/12\/2016<\/em>)<\/li>\n<li>Are valla teehoiukava koostamine\u00a0(<em>valminud, ERC\/11\/2016<\/em>)<\/li>\n<li>K\u00f5rvalmaantee nr 13114 Kalma-Mustvee teel\u00f5igu km 4,9-7,2 p\u00f5hiprojekti eeltasuvusanal\u00fc\u00fcs (<em>valminud, ERC\/10\/2016<\/em>)<\/li>\n<li>Tugimaantee nr 36 J\u00f5geva-Aravete teel\u00f5igu km 33,7-38,9 p\u00f5hiprojekti eeltasuvusanal\u00fc\u00fcs (<em>valminud, ERC\/9\/2016<\/em>)<\/li>\n<li>Riigiteede nr 4 km 30\u201380, nr 5 km 100-150 ja nr 39 km 50-100 \u00a0l\u00f5ikudel kehtestatud suurima lubatud s\u00f5idukiiruse piirangute anal\u00fc\u00fcs ja eksperthinnangu andmine (<em>valminud, ERC\/8\/2016<\/em>)<\/li>\n<li>Tori valla teehoiukava koostamine (<em>valminud, ERC\/7\/2016<\/em>)<\/li>\n<li>P\u00fcsiloenduspunktide liikluskoosseisu ja kiiruse uuring (<em>valminud, ERC\/6\/2016<\/em>)<\/li>\n<li>Liiklusloenduse tulemused 2016.aastal. I etapp (<em>valminud, ERC\/5\/2016<\/em>)<\/li>\n<li>Maaradariga uuringu teostamine riigiteel 2 Tallinn \u2013 Tartu \u2013 V\u00f5ru \u2013 Luhamaa km 170 \u2013 175\u00a0(<em>valminud, ERC\/4\/2016<\/em>)<\/li>\n<li>Tugimaantee nr 90 teel\u00f5igu Soohara-Karisilla (km 11.295-34.216) rekonstrueerimise tehnilise projekti ekspertiisi koostamine\u00a0(<em>valminud, ERC\/3\/2016<\/em>)<\/li>\n<li>P\u00f5himaantee nr. 4 (E67) Tallinn-P\u00e4rnu-Ikla teel\u00f5igu \u00c4\u00e4sm\u00e4e-Kohatu (km 28.0-37.0) rekonstrueerimise p\u00f5hiprojekti tasuvus-, finants- ja riskianal\u00fc\u00fcs (<em>valminud, ERC\/2\/2016<\/em>)<\/li>\n<li>Loendusandmete t\u00f6\u00f6tlemine ja liikluse modelleerimine Eesti riigimaanteedel 2016 aastal<\/li>\n<\/ul>\n<h2><\/h2>\n<p>&nbsp;<\/p>\n<h2>COMPLETED PROJECTS<\/h2>\n<div class=\"toggle-title\">Cost-benefit, financial and risk analysis<\/div>\n<div class=\"toggle-content\">\n<ul class=\"arrow \">\n<li>Tartu idapoolse ringtee 3. ehitusala ehitamise tasuvus-, finants- ja riskianal\u00fc\u00fcs ning \u00dcKF rahastustaotluse E osa t\u00e4itmine. ERC\/14\/2015<\/li>\n<li>P\u00f5himaantee nr 3 (E264) J\u00f5hvi-Tartu-Valga teel\u00f5igu Vapram\u00e4e-Elva (km 156,2-159,4) rekonstrueerimise tehnilise projekti tasuvus-, finants- ja riskianal\u00fc\u00fcs. ERC\/1\/2015<\/li>\n<li>P\u00f5himaantee nr 8 Tallinn-Paldiski teel\u00f5igu km 24,7-29,5 Keila-Valkse rekonstrueerimise tasuvus-, finants- ja riskianal\u00fc\u00fcs. ERC\/17\/2014<\/li>\n<li>P\u00f5himaantee nr 2 Tallinn-Tartu-V\u00f5ru-Luhamaa Tartu l\u00e4\u00e4nepoolse \u00fcmbers\u00f5idu I ehitusala rekonstrueerimist\u00f6\u00f6de tasuvus-, finants- ja riskianal\u00fc\u00fcs. ERC\/15\/2014<\/li>\n<li>Riigimaantee nr 8 Tallinn-Paldiski teel\u00f5igu km 18,789-24,931 Kiia-Keila rekonstrueerimise tasuvus-, finants- ja riskianal\u00fc\u00fcs. ERC\/14\/2014<\/li>\n<li>P\u00f5himaantee nr 3 (E264) J\u00f5hvi-Tartu-Valga teel\u00f5igu Aiamaa-Vapram\u00e4e (km 146,6-156,2) rekonstrueerimise tasuvus-, finants- ja riskianal\u00fc\u00fcs. ERC\/13\/2014<\/li>\n<li>P\u00f5himaantee nr 5 P\u00e4rnu-Rakvere-S\u00f5meru, T\u00fcri linna l\u00f5igu km 75,6-78,7 ja S\u00e4revere sildade koos peales\u00f5itudega km 74,7-75,6 ehituse tasuvus-, finants- ja riskianal\u00fc\u00fcs. ERC\/12\/2014<\/li>\n<li>P\u00f5himaantee nr 5 P\u00e4rnu-Rakvere-S\u00f5meru, Roosna-Alliku-Ahula l\u00f5igu (km 110,8-120,7) rekonstrueerimise tasuvus-, finants- ja riskianal\u00fc\u00fcs. ERC\/11\/2014<\/li>\n<li>P\u00f5himaantee nr 3 J\u00f5hvi-Tartu-Valga teel\u00f5igu km 109,6-118,9 Igavere-Kobratu remondi tehnilise projekti tasuvus-, finants- ja riskianal\u00fc\u00fcs. ERC\/10\/2014<\/li>\n<li>P\u00f5himaantee nr 2 (E263) Tallinn-Tartu-V\u00f5ru-Luhamaa Tatra-Otep\u00e4\u00e4 ristmiku remondi tehnilise projekti tasuvus-, finants- ja riskianal\u00fc\u00fcs. ERC\/5\/2014<\/li>\n<li>P\u00f5himaantee nr 2 Tallinn-Tartu-V\u00f5ru-Luhamaa Tartu l\u00e4\u00e4nepoolse \u00fcmbers\u00f5idu I ehitusala rekonstrueerimise korrigeeritud tehnilise projekti tasuvus-, finants- ja riskianal\u00fc\u00fcs. ERC\/3\/2014<\/li>\n<li>P\u00f5himaantee nr 8 Tallinn-Paldiski teel\u00f5igu km 18,789-24,931 Kiia-Keila remondi tehnilise projekti tasuvus-, finants- ja riskianal\u00fc\u00fcs. ERC\/2\/2014<\/li>\n<li>Riigimaantee nr 5 P\u00e4rnu-Rakvere-S\u00f5meru teel\u00f5igu km 75,715-78,749 S\u00e4revere-T\u00fcri remondi tehnilise projekti tasuvus-, finants- ja riskianal\u00fc\u00fcs. ERC\/1\/2014<\/li>\n<li>P\u00f5himaantee nr 2 (E263) Tallinn-Tartu-V\u00f5ru-Luhamaa Tatra-Otep\u00e4\u00e4 ristmiku remondi tehnilise projekti tasuvusanal\u00fc\u00fcs. ERC\/2\/2013<\/li>\n<li>Maantee nr 5 P\u00e4rnu-Rakvere-S\u00f5meru km 110,8-120,7 Roosna-Alliku \u2013 Ahula teel\u00f5igu eeltasuvusanal\u00fc\u00fcs. 2012<\/li>\n<li>Maantee nr 21 Rakvere-Luige teel\u00f5igu Venevere-P\u00e4rniku-Ulvi eeltasuvusanal\u00fc\u00fcs. II etapp km 53,6-62,1 P\u00e4rniku-Ulvi. ERC\/7-2\/2012<\/li>\n<li>Maantee nr 21 Rakvere-Luige teel\u00f5igu Venevere-P\u00e4rniku-Ulvi eeltasuvusanal\u00fc\u00fcs. I etapp km 44,6-53,6 Venevere-P\u00e4rniku. ERC\/7-1\/2012<\/li>\n<\/ul>\n<\/div>\n<div class=\"toggle-title\">Funding applications<\/div>\n<div class=\"toggle-content\">\n<ul class=\"arrow \">\n<li>P\u00f5himaantee nr 8 Tallinn-Paldiski teel\u00f5igu km 24,7-29,5 Keila-Valkse rekonstrueerimise \u00dcKF rahastustaotluse korrigeerimine.<\/li>\n<li>Riigimaantee nr 8 Tallinn-Paldiski teel\u00f5igu km 18,789-24,931 Kiia-Keila rekonstrueerimise \u00dcKF rahastustaotlus korrigeerimine.<\/li>\n<li>P\u00f5himaantee nr 3 (E264) J\u00f5hvi-Tartu-Valga teel\u00f5igu Aiamaa-Vapram\u00e4e (km 146,6-156,2) rekonstrueerimise \u00dcKF rahastustaotlus.<\/li>\n<li>P\u00f5himaantee nr 3 J\u00f5hvi-Tartu-Valga teel\u00f5igu km 109,6-118,9 Igavere-Kobratu remondi \u00dcKF rahastustaotlus.<\/li>\n<li>P\u00f5himaantee nr 5 P\u00e4rnu-Rakvere-S\u00f5meru, T\u00fcri linna l\u00f5igu km 75,6-78,7 ja S\u00e4revere sildade koos peales\u00f5itudega km 74,7-75,6 ehituse \u00dcKF rahastustaotlus.<\/li>\n<li>P\u00f5himaantee nr 5 P\u00e4rnu-Rakvere-S\u00f5meru, Roosna-Alliku-Ahula l\u00f5igu (km 110,8-120,7) rekonstrueerimise \u00dcKF rahastustaotlus.<\/li>\n<li>Riigimaantee nr 5 P\u00e4rnu-Rakvere-S\u00f5meru teel\u00f5igu km 75,715-78,749 S\u00e4revere-T\u00fcri remondi tehniliseprojekti muudatuse \u00dcKF rahastustaotlus.<\/li>\n<\/ul>\n<\/div>\n<div class=\"toggle-title\">Pavement condition related studies<\/div>\n<div class=\"toggle-content\">\n<ul class=\"arrow \">\n<li>Teekatte haardeliste omaduste v\u00f5rdlusuuring. ERC\/8\/2014<\/li>\n<li>Teekatte tekstuuri m\u00f5\u00f5tmisandmete kasutamise meetodid ja andmete piirv\u00e4\u00e4rtused. ERC\/6\/2012<\/li>\n<\/ul>\n<\/div>\n<div class=\"toggle-title\">Pavement condition measurements<\/div>\n<div class=\"toggle-content\">\n<ul class=\"arrow \">\n<li>Roadroid seadme teekatte tasasuse (IRI) m\u00f5\u00f5tmise komponendi kalibreerimise juhend. ERC\/5\/2015<\/li>\n<li>Roadroid m\u00f5\u00f5teseadme v\u00f5rdlus ja kontroll teekattel tasasuse (IRI) kontrollm\u00f5\u00f5tmiste teostamiseks. ERC\/3\/2015<\/li>\n<li>Teekatte tekstuuri m\u00f5\u00f5tmine haardeteguri ja tekstuuri v\u00f5rdlusteel\u00f5ikudel. ERC\/7\/2014<\/li>\n<\/ul>\n<\/div>\n<div class=\"toggle-title\">Quality control and assurance of pavement condition measurement devices<\/div>\n<div class=\"toggle-content\">\n<ul class=\"arrow \">\n<li>LaserProf m\u00f5\u00f5teseadme v\u00f5rdlus ja kontroll teekattel tasasse (IRI) vastuv\u00f5tu m\u00f5\u00f5tmiste teostamiseks. ERC\/9\/2015<\/li>\n<li>Roadroid m\u00f5\u00f5teseadme v\u00f5rdlus ja kontroll teekattel tasasuse (IRI) kontrollm\u00f5\u00f5tmiste teostamiseks. ERC\/3\/2015<\/li>\n<li>Teekatte tekstuuri m\u00f5\u00f5tmine haardeteguri ja tekstuuri v\u00f5rdlusteel\u00f5ikudel. ERC\/7\/2014<\/li>\n<li>Teekatte tasasuse (IRI ja IRI4) ja tekstuuri (MPD) v\u00f5rdlusm\u00f5\u00f5tmised AS Teede Tehnokeskuse m\u00f5\u00f5teseadmele. ERC\/16\/2014Teekatte tasasuse m\u00f5\u00f5tmisseadmete GWPG ja LM v\u00f5rdlus Soomes. ERC\/5\/2012<\/li>\n<li>M\u00f5\u00f5teseadme Roobas_Roadmaster v\u00f5rdlus. ERC\/3\/2012<\/li>\n<li>M\u00f5\u00f5teseadme Laser Texture Meter LTM-1 v\u00f5rdlus. ERC\/2\/2012<\/li>\n<li>M\u00f5\u00f5teseadme LaserMaster v\u00f5rdlus. ERC\/1\/2012<\/li>\n<\/ul>\n<\/div>\n<div class=\"toggle-title\">Traffic counting and traffic analysis<\/div>\n<div class=\"toggle-content\">\n<ul class=\"arrow \">\n<li>Liiklusloenduse tulemused 2015 aastal. ERC\/1\/2016<\/li>\n<li>Liiklusloenduse tulemused 2015 aastal II etapp. ERC\/11\/2015<\/li>\n<li>Liiklusloenduse tulemused 2015 aastal I etapp. ERC\/6\/2015<\/li>\n<li>Liiklusloenduse tulemused 2014 aastal. ERC\/2\/2015<\/li>\n<li>Liiklusloenduse tulemused 2014 aastal II etapp. ERC\/18\/2014<\/li>\n<li>Liiklusloenduse tulemused 2014 aastal I etapp. ERC\/6\/2014<\/li>\n<li>Liiklusloenduse tulemused 2013 aastal. ERC\/4\/2014<\/li>\n<li>Liiklusloenduse tulemused 2013 aastal. Vahearuanded.<\/li>\n<\/ul>\n<\/div>\n<div class=\"toggle-title\">Traffic safety studies<\/div>\n<div class=\"toggle-content\">\n<ul class=\"arrow \">\n<li>Valga linna ajaloolise linnakeskuse detailplaneeringuga seotud liikluskorralduse anal\u00fc\u00fcs. ERC\/15\/2015<\/li>\n<li>Altl\u00e4bis\u00f5iduk\u00f5rguste m\u00f5\u00f5tmine riigimaanteedel. ERC\/13\/2015<\/li>\n<li>E67 Tallinn-P\u00e4rnu-Ikla riigitee l\u00f5igu km 123-134 (P\u00e4rnu \u00fcmbers\u00f5it) s\u00f5idukiiruste ja seisuaegade monitooring.\u00a0ERC\/10\/2015<\/li>\n<li>Riigimaantee nr 11392 Suurupi tee km 0,0-4,705 kergliikluse prognoosimine.\u00a0 ERC\/8\/2015<\/li>\n<li>Lubatud suurima s\u00f5idukiiruse diferentseerimine Eesti asulav\u00e4listel teedel. II etapi aruanne. ERC\/19\/2014<\/li>\n<li>Lubatud s\u00f5idukiiruse diferentseerimine Eesti asulav\u00e4listel teedel. I etapi aruanne. ERC\/9\/2014<\/li>\n<li>Keskmise kiiruse m\u00f5\u00f5tmisel p\u00f5hineva automaatse liiklusj\u00e4relevalve kasutamise uuring. ERC\/1\/2013<\/li>\n<\/ul>\n<\/div>\n<div class=\"toggle-title\">Other studies<\/div>\n<div class=\"toggle-content\">\n<ul class=\"arrow \">\n<li>Teadus- ja arendust\u00f6\u00f6 &#8220;Ristmikel nihkekindlate katendite v\u00e4ljat\u00f6\u00f6tamine&#8221;. ERC\/12\/2015<\/li>\n<li>Uuring ehitusmaavarade varustuskindlusest Maanteeameti objektidele, II etapp.\u00a0 ERC\/7\/2015<\/li>\n<li>Teekatte tasasuse m\u00f5\u00f5tmine kruusateede katsel\u00f5ikudel 2015-2016 aastal<\/li>\n<\/ul>\n<p>&nbsp;<\/p>\n<\/div>\n<h2><\/h2>\n<p>&nbsp;<\/p>\n<h2>PUBLISHED ARTICLES<\/h2>\n<ul class=\"arrow \">\n<li>T\u00f6\u00f6 ja elu Azerbaid\u017eaanis. <a title=\"Teeleht\" href=\"https:\/\/www.ercc.ee\/wp-content\/uploads\/teeleht-73.pdf\" target=\"_blank\" rel=\"noopener\">Teeleht nr 73.<\/a> Juuni 2013. Maanteeamet<\/li>\n<li>V\u00e4ikesed lood elust enesest &#8230; <a title=\"Teeleht\" href=\"https:\/\/www.ercc.ee\/wp-content\/uploads\/teeleht-73.pdf\" target=\"_blank\" rel=\"noopener\">Teeleht nr 73.<\/a> Juuni 2013. Maanteeamet<\/li>\n<li>Teekatte tekstuurist. <a title=\"Teeleht\" href=\"https:\/\/www.ercc.ee\/wp-content\/uploads\/teeleht-71-72.pdf\" target=\"_blank\" rel=\"noopener\">Teeleht nr 3\/4 (71\/72).<\/a> Detsember 2012. Maanteeamet<\/li>\n<\/ul>\n<h2><\/h2>\n<p>&nbsp;<\/p>\n<h2>CONFERENCE PRESENTATIONS<\/h2>\n<ul class=\"arrow \">\n<li>Use of pavement surface texture characteristics measurement results in Estonia. XXVIII International Baltic Road Conference. Vilnius, Lithuania, 26-28 August 2013. <a href=\"https:\/\/www.ercc.ee\/wp-content\/uploads\/005_T03.pdf\" target=\"_blank\" rel=\"noopener\">PAPER<\/a> &#8211; <a href=\"https:\/\/www.ercc.ee\/wp-content\/uploads\/5-3-1.pdf\" target=\"_blank\" rel=\"noopener\">PRESENTATION<\/a><\/li>\n<\/ul>\n","protected":false},"excerpt":{"rendered":"<p>ACTIVE PROJECTS &nbsp; COMPLETED PROJECTS &nbsp; PUBLISHED ARTICLES &nbsp; CONFERENCE PRESENTATIONS<\/p>\n","protected":false},"author":1,"featured_media":0,"parent":0,"menu_order":0,"comment_status":"closed","ping_status":"closed","template":"","meta":{"footnotes":""},"class_list":["post-133","page","type-page","status-publish","hentry"],"yoast_head":"<!-- This site is optimized with the Yoast SEO plugin v26.9 - https:\/\/yoast.com\/product\/yoast-seo-wordpress\/ -->\n<title>Portfolio - ERC Konsultatsiooni O\u00dc<\/title>\n<meta name=\"description\" content=\"ERC Konsultatsiooni O\u00dc poolt tehtud t\u00f6\u00f6d.\" \/>\n<meta name=\"robots\" content=\"index, follow, max-snippet:-1, max-image-preview:large, max-video-preview:-1\" \/>\n<link rel=\"canonical\" href=\"https:\/\/www.ercc.ee\/en\/portfolio\/\" \/>\n<meta property=\"og:locale\" content=\"en_US\" \/>\n<meta property=\"og:type\" content=\"article\" \/>\n<meta property=\"og:title\" content=\"Portfolio - ERC Konsultatsiooni O\u00dc\" \/>\n<meta property=\"og:description\" content=\"ERC Konsultatsiooni O\u00dc poolt tehtud t\u00f6\u00f6d.\" \/>\n<meta property=\"og:url\" content=\"https:\/\/www.ercc.ee\/en\/portfolio\/\" \/>\n<meta property=\"og:site_name\" content=\"ERC Konsultatsiooni O\u00dc\" \/>\n<meta property=\"article:modified_time\" content=\"2019-04-02T14:27:14+00:00\" \/>\n<meta name=\"twitter:label1\" content=\"Est. reading time\" \/>\n\t<meta name=\"twitter:data1\" content=\"6 minutes\" \/>\n<script type=\"application\/ld+json\" class=\"yoast-schema-graph\">{\"@context\":\"https:\/\/schema.org\",\"@graph\":[{\"@type\":\"WebPage\",\"@id\":\"https:\/\/www.ercc.ee\/en\/portfolio\/\",\"url\":\"https:\/\/www.ercc.ee\/en\/portfolio\/\",\"name\":\"Portfolio - ERC Konsultatsiooni O\u00dc\",\"isPartOf\":{\"@id\":\"https:\/\/www.ercc.ee\/en\/#website\"},\"datePublished\":\"2015-03-10T09:49:30+00:00\",\"dateModified\":\"2019-04-02T14:27:14+00:00\",\"description\":\"ERC Konsultatsiooni O\u00dc poolt tehtud t\u00f6\u00f6d.\",\"breadcrumb\":{\"@id\":\"https:\/\/www.ercc.ee\/en\/portfolio\/#breadcrumb\"},\"inLanguage\":\"en-US\",\"potentialAction\":[{\"@type\":\"ReadAction\",\"target\":[\"https:\/\/www.ercc.ee\/en\/portfolio\/\"]}]},{\"@type\":\"BreadcrumbList\",\"@id\":\"https:\/\/www.ercc.ee\/en\/portfolio\/#breadcrumb\",\"itemListElement\":[{\"@type\":\"ListItem\",\"position\":1,\"name\":\"Home\",\"item\":\"https:\/\/www.ercc.ee\/en\/\"},{\"@type\":\"ListItem\",\"position\":2,\"name\":\"Portfolio\"}]},{\"@type\":\"WebSite\",\"@id\":\"https:\/\/www.ercc.ee\/en\/#website\",\"url\":\"https:\/\/www.ercc.ee\/en\/\",\"name\":\"ERC Konsultatsiooni O\u00dc\",\"description\":\"\",\"potentialAction\":[{\"@type\":\"SearchAction\",\"target\":{\"@type\":\"EntryPoint\",\"urlTemplate\":\"https:\/\/www.ercc.ee\/en\/?s={search_term_string}\"},\"query-input\":{\"@type\":\"PropertyValueSpecification\",\"valueRequired\":true,\"valueName\":\"search_term_string\"}}],\"inLanguage\":\"en-US\"}]}<\/script>\n<!-- \/ Yoast SEO plugin. -->","yoast_head_json":{"title":"Portfolio - ERC Konsultatsiooni O\u00dc","description":"ERC Konsultatsiooni O\u00dc poolt tehtud t\u00f6\u00f6d.","robots":{"index":"index","follow":"follow","max-snippet":"max-snippet:-1","max-image-preview":"max-image-preview:large","max-video-preview":"max-video-preview:-1"},"canonical":"https:\/\/www.ercc.ee\/en\/portfolio\/","og_locale":"en_US","og_type":"article","og_title":"Portfolio - ERC Konsultatsiooni O\u00dc","og_description":"ERC Konsultatsiooni O\u00dc poolt tehtud t\u00f6\u00f6d.","og_url":"https:\/\/www.ercc.ee\/en\/portfolio\/","og_site_name":"ERC Konsultatsiooni O\u00dc","article_modified_time":"2019-04-02T14:27:14+00:00","twitter_misc":{"Est. reading time":"6 minutes"},"schema":{"@context":"https:\/\/schema.org","@graph":[{"@type":"WebPage","@id":"https:\/\/www.ercc.ee\/en\/portfolio\/","url":"https:\/\/www.ercc.ee\/en\/portfolio\/","name":"Portfolio - ERC Konsultatsiooni O\u00dc","isPartOf":{"@id":"https:\/\/www.ercc.ee\/en\/#website"},"datePublished":"2015-03-10T09:49:30+00:00","dateModified":"2019-04-02T14:27:14+00:00","description":"ERC Konsultatsiooni O\u00dc poolt tehtud t\u00f6\u00f6d.","breadcrumb":{"@id":"https:\/\/www.ercc.ee\/en\/portfolio\/#breadcrumb"},"inLanguage":"en-US","potentialAction":[{"@type":"ReadAction","target":["https:\/\/www.ercc.ee\/en\/portfolio\/"]}]},{"@type":"BreadcrumbList","@id":"https:\/\/www.ercc.ee\/en\/portfolio\/#breadcrumb","itemListElement":[{"@type":"ListItem","position":1,"name":"Home","item":"https:\/\/www.ercc.ee\/en\/"},{"@type":"ListItem","position":2,"name":"Portfolio"}]},{"@type":"WebSite","@id":"https:\/\/www.ercc.ee\/en\/#website","url":"https:\/\/www.ercc.ee\/en\/","name":"ERC Konsultatsiooni O\u00dc","description":"","potentialAction":[{"@type":"SearchAction","target":{"@type":"EntryPoint","urlTemplate":"https:\/\/www.ercc.ee\/en\/?s={search_term_string}"},"query-input":{"@type":"PropertyValueSpecification","valueRequired":true,"valueName":"search_term_string"}}],"inLanguage":"en-US"}]}},"_links":{"self":[{"href":"https:\/\/www.ercc.ee\/en\/wp-json\/wp\/v2\/pages\/133","targetHints":{"allow":["GET"]}}],"collection":[{"href":"https:\/\/www.ercc.ee\/en\/wp-json\/wp\/v2\/pages"}],"about":[{"href":"https:\/\/www.ercc.ee\/en\/wp-json\/wp\/v2\/types\/page"}],"author":[{"embeddable":true,"href":"https:\/\/www.ercc.ee\/en\/wp-json\/wp\/v2\/users\/1"}],"replies":[{"embeddable":true,"href":"https:\/\/www.ercc.ee\/en\/wp-json\/wp\/v2\/comments?post=133"}],"version-history":[{"count":10,"href":"https:\/\/www.ercc.ee\/en\/wp-json\/wp\/v2\/pages\/133\/revisions"}],"predecessor-version":[{"id":322,"href":"https:\/\/www.ercc.ee\/en\/wp-json\/wp\/v2\/pages\/133\/revisions\/322"}],"wp:attachment":[{"href":"https:\/\/www.ercc.ee\/en\/wp-json\/wp\/v2\/media?parent=133"}],"curies":[{"name":"wp","href":"https:\/\/api.w.org\/{rel}","templated":true}]}}