{"id":137,"date":"2015-03-10T09:54:11","date_gmt":"2015-03-10T09:54:11","guid":{"rendered":"https:\/\/www.ercc.ee\/konsultandid-2\/"},"modified":"2015-04-05T15:07:41","modified_gmt":"2015-04-05T15:07:41","slug":"consultants","status":"publish","type":"page","link":"https:\/\/www.ercc.ee\/en\/consultants\/","title":{"rendered":"Consultants"},"content":{"rendered":"<div class=\"row \">\n<div class=\"six column \">\n<h2>TIIT KAAL<\/h2>\n<p>Chairman of the Board\/Consultant<br \/>\nPhone: +372 526 9894<br \/>\nE-mail: tiit.kaal@ercc.ee<br \/>\nSkype: tiit.kaal<\/p>\n<p><strong>Education and work experience:<\/strong><\/p>\n<ul class=\"arrow \">\n<li>Tallinn University of Technology \u2013 Faculty of Civil Engineering, Road Engineering (M.Sc), 1990<\/li>\n<li>Accredited highway engineer<\/li>\n<li>~20 year work experience in Technical Center of Estonian Roads Ltd (field of activity: pavement condition measurements and analysis, IRI, IFI, FWD, RUT, GPR, PMS, HDM-4, ROWV, traffic counting)<\/li>\n<li>June 2010 \u2013 April 2015 Individual Consultant\/DCS\/Project Manager in the IBRD financed project \u201eCollection of Road Condition and Inventory Data for Azerbaijan\u201c<\/li>\n<li>From March 2012 \u2013 ERC Consulting Ltd. Chairman of the Board\/Consultant<\/li>\n<\/ul>\n<\/div>\n<div class=\"six column \">\n<h2>LUULE KAAL<\/h2>\n<p>Consultant<br \/>\nPhone: +372 509 3693<br \/>\nE-mail: luule.kaal@ercc.ee<br \/>\nSkype: luule.kaal<\/p>\n<p><strong>Education and work experience:<\/strong><\/p>\n<ul class=\"arrow \">\n<li>Tallinn University of Technology \u2013 Faculty of Civil Engineering, Road Engineering (M.Sc), 1990<\/li>\n<li>~18 year work experience in Technical Center of Estonian Roads Ltd (field of activity: project management, traffic data analysis, road and traffic related research studies)<\/li>\n<li>From September 2012 \u2013\u00a0 Tallinn University of Technology, Department of Road Engineering, lecturer of Transport Engineering (subjects: Urban Traffic; Traffic Engineering and Road Safety; Transportation Surveys and Forecasting)<\/li>\n<li>From June 2013 \u2013 ERC Consulting Ltd. Consultant<\/li>\n<\/ul>\n<\/div>\n<\/div>\n<div class=\"row \">\n<div class=\"six column \">\n<div class=\"toggle-title\">Tiit\u2019s previous studies<\/div>\n<div class=\"toggle-content\">\n<ul class=\"arrow \">\n<li>T\u00f6\u00f6tlemata \u00fcmarpuidu veoks eriveona vajaliku muldkehade l\u00e4bik\u00fclmumise ilmastikutingimuste ja erinevate teede kandev\u00f5ime seose uuring. 2011<\/li>\n<li>Maantee nr. 5 P\u00e4rnu-Rakvere-S\u00f5meru teel\u00f5igu Kadrina-Rakvere km 160,26-171,54 eeltasuvusanal\u00fc\u00fcs. 2011<\/li>\n<li>Riigimaanteede strateegiline anal\u00fc\u00fcs 2011 aastal. L\u00f5pparuanne. 2011<\/li>\n<li>Muldkehade l\u00e4bik\u00fclmumise, ilmastikutingimuste ja erinevate teede kandev\u00f5ime seoste uuringuteks vajalike seadmete \u2013 Percostation m\u00f5\u00f5tejaam ja 6 vertikaalset temperatuuriandurit \u2013 ostmine ja paigaldamine. 2011<\/li>\n<li>Sildade \u00fclevaatus v\u00e4ljat\u00f6\u00f6tatud BMS alusel aastatel 2010-2013; 2010 aasta t\u00f6\u00f6d. 2010<br \/>\nMnt nr 32 J\u00f5hvi-Vasknarva teel\u00f5igu Rausvere-Kurem\u00e4e km 8,4-21,4 eeltasuvusanal\u00fc\u00fcs. 2010<\/li>\n<li>Mnt nr 65 V\u00f5ru-R\u00e4pina teel\u00f5igu V\u00f5ru-Veriora tasuvusanal\u00fc\u00fcs. 2010<\/li>\n<li>Mnt nr 5 P\u00e4rnu-Rakvere-S\u00f5meru km 172,5-179,2 (Rakvere ringtee) eeltasuvusanal\u00fc\u00fcs. 2010<\/li>\n<li>Keila silla kandev\u00f5ime hindamine. 2010<\/li>\n<li>Teekatendi \u00fcksikute kihtide elastsusmoodulite m\u00f5\u00f5tmine ja nende alusel kandev\u00f5ime parameetrite v\u00e4lja t\u00f6\u00f6tamine. 2010<\/li>\n<li>Teekonstruktsiooni kandev\u00f5ime ajas muutumise j\u00e4lgimine 2010.a<\/li>\n<li>Ida Regionaalse Maanteeameti kattega riigimaanteede EPMS ja HDM-4 anal\u00fc\u00fcs seisuga 01.01.2010<\/li>\n<li>Tallinna magistraal-jaotust\u00e4navate teekatete seisukord 2010.a<\/li>\n<li>Liiklusloenduse tulemused 2009. aastal.<\/li>\n<li>P\u00f5himaantee nr. 2 Tallinn-Tartu-V\u00f5ru-Luhamaa teel\u00f5ikude km 27 (Aruvalla) kuni km 86 (Tarbja) ja km 90 (M\u00e4o) kuni km 179 (Tiksoja) liiklusohutuse inspekteerimine. 200<\/li>\n<li>E20 Valgej\u00f5e-R\u00f5meda teel\u00f5ikude km 50,3-79,0 ehitus ja remont. Tasuvusanal\u00fc\u00fcs, riskianal\u00fc\u00fcs ja finantsanal\u00fc\u00fcs. 2009<\/li>\n<li>Maantee nr. 65 V\u00f5ru-R\u00e4pina teel\u00f5igu V\u00f5ru (km 2,1)-Veriora (km 26,0) eeltasuvus- ja tasuvusarvutus.\u00a0 2009<\/li>\n<li>Mnt nr 32 J\u00f5hvi-Vasknarva eeltasuvusarvutus. 2009<\/li>\n<li>Mnt nr 23 Rakvere-Haljala eeltasuvusarvutus. 2009<\/li>\n<li>Mnt nr 15 Tallinn-Rapla-T\u00fcri teel\u00f5igu Tagadi-Rapla tasuvusarvutus. 2009<\/li>\n<li>Tallinna magistraal-p\u00f5hit\u00e4navate teekatete seisukord 2009.a .<\/li>\n<li>Liiklusloenduse tulemused 2008. aastal.<\/li>\n<li>Rajatiste l\u00e4bip\u00e4\u00e4suavade k\u00f5rguste m\u00f5\u00f5tmine. 2008<\/li>\n<li>Liiklusloendus Kagu Teedevalitsuse k\u00f5rvalmaanteedel 2008.a.<\/li>\n<li>Liiklusloendus P\u00e4rnu Teedevalitsuse k\u00f5rvalmaanteedel 2008.a.<\/li>\n<li>Liiklusloendus Saarte Teedevalitsuse Hiiu maakonna k\u00f5rvalmaanteedel 2008.a.<\/li>\n<li>Kattega riigimaanteede taastusremondi vajadus EPMS-i p\u00f5hjal Kagu Teedevalitsuse halduspiirkonnas. 2008<\/li>\n<li>Pindamisobjektide valik 2009.a. Kagu Teedevalitsuses. 2008<\/li>\n<li>Economic Cost-Benefit Analysis of the Vaida-Aruvalla section. 2008<\/li>\n<li>Mnt nr 15 Tallinn-Rapla-T\u00fcri teel\u00f5igu Raudalu-Tagadi tasuvusarvutus. 2008<\/li>\n<li>Economic Cost-Benefit Analysis of the J\u00f5hvi-Tartu-Valga road; section 1 Rannapungerja-Lohusuu, section 2-1 Raja bypass, section 2 Raja-K\u00e4\u00e4pa, section 3 Kobratu-Tartu, section 4 K\u00f5rvek\u00fcla-Tartu, section 5 Ametm\u00e4e-Valga, section 6 Transpordi street. 2008<\/li>\n<li>Eesti-L\u00e4ti piiri\u00fclese koost\u00f6\u00f6programmi raames ehitatavad teed: Eesti pool mnt nr 54 Karksi=Nuia-Lilli km 0,0-16,9; L\u00e4ti pool mnt nr P017 Valmiera-Rujiena-Eesti piir km 48,0-55,8; Tasuvusanal\u00fc\u00fcs. 2008<\/li>\n<li>Teekatendi \u00fcksikute kihtide elastsusmoodulite m\u00f5\u00f5tmine ja nende alusel kandev\u00f5ime parameetrite v\u00e4lja t\u00f6\u00f6tamine. L\u00f5pparuanne. AS Teede Tehnokeskus\/TT\u00dc Teedeinstituut. 2008<\/li>\n<li>Tallinna magistraal-jaotust\u00e4navate teekatete seisukord 2008.a.<\/li>\n<li>Tallinna linna sildade ja viaduktide \u00fcld\u00fclevaatus BMS anal\u00fc\u00fcsist l\u00e4htuvalt. 2008<\/li>\n<li>Liiklusloenduse tulemused 2007. aastal.<\/li>\n<li>Liiklusloendus Kagu Teedevalitsuse k\u00f5rvalmaanteedel V\u00f5ru maakonnas 2007.a.<\/li>\n<li>Liiklusloendus Kagu Teedevalitsuse k\u00f5rvalmaanteedel Valga maakonnas 2007.a.<\/li>\n<li>Liiklusloendus Kagu Teedevalitsuse k\u00f5rvalmaanteedel P\u00f5lva maakonnas. 2007<\/li>\n<li>Pindamisobjektide valik 2008.a. Kagu Teedevalitsuses. 2007<\/li>\n<li>\u00dclemiste liikluss\u00f5lme ehitamise ja Peterburi tee rekonstrueerimise eelprojekti koostamine. Tasuvusanal\u00fc\u00fcs. Finantseerimisv\u00f5imaluste anal\u00fc\u00fcs. Tehniline ja majanduslik teostatavusuuring. 2007<\/li>\n<li>P\u00f5himaantee nr. 5 P\u00e4rnu-Rakvere-S\u00f5meru km 181,8-184,3 Rakvere-S\u00f5meru l\u00f5igu eelprojekti koostamine. Tasuvusanal\u00fc\u00fcs. 2007<\/li>\n<li>Economic Cost-Benefit Analysis of the Tallinn-Narva road; section 1 Maardu-Kuusalu, section 2 Kuusalu-Valgej\u00f5e. 2007<\/li>\n<li>Maantee nr. 2 Tallinn-Tartu-V\u00f5ru-Luhamaa asulasiseste teel\u00f5ikude kiiruste monitooring 2007.a.<\/li>\n<li>Tallinna magistraal-p\u00f5hit\u00e4navate teekatete seisukord 2007.a.<\/li>\n<li>V\u00f5ru linna teede ja t\u00e4navate teekatete seisukord 2007.a.<\/li>\n<li>Valga linna teede ja t\u00e4navate teekatete seisukord 2007.a.<\/li>\n<li>P\u00e4rnu linna teede ja t\u00e4navate teekatete seisukord 2007.a.<\/li>\n<li>Narva linna teede ja t\u00e4navate teekatete seisukord 2007.a.<\/li>\n<li>Kergliiklusteede vajalikkus ja planeerimine P\u00f5ltsamaa (4P) piirkonda. 2007<\/li>\n<li>S\u00f5idutee roopa s\u00fcgavuse m\u00f5\u00f5tmistulemuste kasutamine. 2007<\/li>\n<li>Tallinna linna Tehnika t\u00e4nava ja Filtri tee \u00fchendustee tasuvusarvutus. 2006<\/li>\n<li>J\u00f5hvi t\u00f6\u00f6stuspargi juurdep\u00e4\u00e4sutee tasuvusarvutus. 2006<\/li>\n<li>Haapsalu linna ja Uuem\u00f5isa aleviku \u00fcmbers\u00f5idutee tasuvusarvutus. 2006<\/li>\n<li>Tallinna magistraal-jaotust\u00e4navate teekatete seisukord 2006.a.<\/li>\n<li>Tartu linna teede ja t\u00e4navate teekatete seisukord 2006.a.<\/li>\n<li>Kivi\u00f5li teede ja t\u00e4navate teekatete seisukord 2006.a.<\/li>\n<li>Teekasutaja kulude s\u00f5ltuvus teekatte seisukorra n\u00e4itajatest. 2005<\/li>\n<li>Tallinna magistraal-p\u00f5hit\u00e4navate katete seisukord 2005.a.<\/li>\n<li>Expertise of economic and financial evaluation of V\u00e4o-Maardu design no 1. 2004<\/li>\n<li>Teostatavusuuring Rakvere p\u00f5hjapoolse ringtee rajamise v\u00f5imaluste selgitamiseks. 2004<\/li>\n<li>Teekatte seisukorra parameetrite arengu suunad Tallinna teedel ja t\u00e4navatel. 2004<\/li>\n<li>Tallinna juurdep\u00e4\u00e4suteede katete seisukord 2004.a.<\/li>\n<li>Expertise of economic and financial evaluation of V\u00e4o-Maardu design no 1. 2004<\/li>\n<li>Rekonstrueerimist\u00f6\u00f6de tasuvusarvutus mnt nr. 11174 Paldiski-Padise. 2004<\/li>\n<li>Teekatete talvised haardelised omadused. Kokkuv\u00f5te 2004.a. toimunud ELTRIP-m\u00f5\u00f5turite kalibreerimis\u00fcritustest. 2004<\/li>\n<li>Taastusremondi tasuvusarvutus. Mnt. nr. 48 Tartu-Viljandi J\u00f5esuu-Oiu, km 36,8-48,4; Oiu-T\u00e4nassilma, km 48,4-58,8. 2003<\/li>\n<li>Rekonstrueerimist\u00f6\u00f6de tasuvusarvutus. Tartu linn, Narva maantee, Kruusam\u00e4e tn-Orava tn. 2003<\/li>\n<li>Economic Cost-Benefit Analysis; section 1 Rannapungerja-Lohusuu, section 2 Raja-K\u00e4\u00e4pa, section 3 Kobratu-Tartu, section 4 K\u00f5rvek\u00fcla-Tartu. 2003<\/li>\n<li>Economic Cost-Benefit Analysis of the Tallinn-Narva road; section 1 Kiiu-Kuusalu, section 3 Kuusalu-Liiapeksi, section 4 Kemba-Valgej\u00f5e. 2003<\/li>\n<li>Kokkuv\u00f5te 2003.a. teostatud teekonstruktsiooni kandev\u00f5ime m\u00f5\u00f5tmiste tulemustest Tallinna teedel ja t\u00e4navatel. 2003<\/li>\n<li>Tallinna magistraal-jaotust\u00e4navate teekatete seisukord 2003.a.<\/li>\n<li>Eksperthinnang Tallinna teede ja t\u00e4navate konstruktsioonide vastavusest liikluskoormusele. 2003<\/li>\n<li>Teekatete talviste haardeliste omaduste m\u00f5\u00f5tmise s\u00fcsteemi v\u00e4ljat\u00f6\u00f6tamine. Etapp V. 2003<\/li>\n<li>Teekatete talviste haardeliste omaduste m\u00f5\u00f5tmise s\u00fcsteemi v\u00e4ljat\u00f6\u00f6tamine. Etapp IV. 2003<\/li>\n<li>Teekattel esineva roopa s\u00fcgavuse m\u00f5\u00f5teseadme Roobas_Roadmaster kalibreerimine. 2003<\/li>\n<li>Teekatete haardeliste omaduste v\u00f5rdlusm\u00f5\u00f5tmised seadmega ROAR L\u00e4\u00e4ne-Viru mk. teedel ning maanteel nr. 11390 Tallinn-Rannam\u00f5isa-Klooga=Ranna. 2003<\/li>\n<li>Teekatete talviste haardeliste omaduste m\u00f5\u00f5tmise s\u00fcsteemi v\u00e4ljat\u00f6\u00f6tamine. Etapp III. 2003<\/li>\n<li>Teekatete talviste haardeliste omaduste m\u00f5\u00f5tmise s\u00fcsteemi v\u00e4ljat\u00f6\u00f6tamine. Etapid I ja II. 2003<\/li>\n<li>Teekattel esinevate defektide inventeerimisjuhend. 2003<\/li>\n<li>Eesti riigimaanteede katete seisukord 2002 aastal. 2003<\/li>\n<li>Kattega riigimaanteede taastusremondi vajadus EPMS-i p\u00f5hjal seisuga 01.01.03.<\/li>\n<li>Tallinna magistraal-p\u00f5hit\u00e4navate teekatete seisukord 2002.a.<\/li>\n<li>Tallinna teede ja t\u00e4navate teekatete seisukord juunis 2002.a.<\/li>\n<li>Kattega riigimaanteede taastusremondi vajadus EPMS-i p\u00f5hjal seisuga 01.01.02.<\/li>\n<li>Eesti riigimaanteede katete seisukord 2001.aastal. 2002<\/li>\n<li>Teekattel esineva roopa kuju, asukoha ja tegeliku s\u00fcgavuse m\u00e4\u00e4ramine ning saadud tulemuste v\u00f5rdlus seadme Roobas_Roadmaster m\u00f5\u00f5tmistulemustega. 2002<\/li>\n<li>Teekatte seisukorra andmete m\u00f5\u00f5tmine Tallinna teedel ja t\u00e4navatel seisuga august 2001.<\/li>\n<li>1995-2000 aastal ehitatud katete seisukorra anal\u00fc\u00fcs. L\u00f5pparuanne. 2001<\/li>\n<li>Eesti kattega riigimaanteede seisukorra anal\u00fc\u00fcs EPMS-iga. Seisuga 01.08.2001.a.<\/li>\n<li>Andmebaas 1995-2000 a. ehitatud katete ja nende seisundi kohta. 2001<\/li>\n<li>Eesti kattega riigimaanteede strateegiline anal\u00fc\u00fcs 2001 HDM4-ga.<\/li>\n<li>Eesti riigimaanteede katete seisukord 2000.a.<\/li>\n<li>Eesti kattega riigimaanteede seisukorra anal\u00fc\u00fcs EPMS-iga. Seisuga 01.02.2001.a.<\/li>\n<li>The Strategic PMS Analysis for the Estonian Paved Network. 2000<\/li>\n<li>Eesti p\u00f5hi- ja tugimaanteede katete seisukorra anal\u00fc\u00fcs PMS-iga. Seisuga 01.06.2000.a.<\/li>\n<li>Eesti kattega riigimaanteede strateegiline anal\u00fc\u00fcs PMS-iga 2000.a.<\/li>\n<li>Eesti riigimaanteede katete seisukord 1999.a.<\/li>\n<li>Eesti kattega riigimaanteede strateegiline anal\u00fc\u00fcs PMS-iga. 1999.a.<\/li>\n<li>Eesti p\u00f5hi- ja tugimaanteede katete seisukorra anal\u00fc\u00fcs PMS-ga. Seisuga 01.11.99.a.<\/li>\n<li>Eesti p\u00f5hi- ja tugimaanteede katete seisukorra anal\u00fc\u00fcs PMS-ga. Seisuga 01.06.99.a.<\/li>\n<li>Eesti riigimaanteede katete seisukord 1998.a.<\/li>\n<li>Eesti riigimaanteede katete seisukord 1997.a.<\/li>\n<li>Eesti p\u00f5hi-, tugi- ja kohalike teede katete seisukord 1995.a.<\/li>\n<li>Eesti-Soome-Eesti Tie- ja liikennealan sanasto; Teede- ja liikluse alane s\u00f5nastik. 1993<\/li>\n<li>Eesti Vabariigi p\u00f5hi- ja tugimaanteede katete vanus. III osa. 1993<\/li>\n<li>Eesti Vabariigi p\u00f5hi- ja tugimaanteede katete vanus. I ja II osa. 1993<\/li>\n<\/ul>\n<\/div>\n<\/div>\n<div class=\"six column \">\n<div class=\"toggle-title\">Luule\u2019s previous studies<\/div>\n<div class=\"toggle-content\">\n<ul class=\"arrow \">\n<li>2012. aasta liiklusloenduse tulemused. 2013<\/li>\n<li>Liiklusk\u00e4itumise monitooring 2012. 2012<\/li>\n<li>2011. aasta liiklusloenduse tulemused. 2012<\/li>\n<li>Riigimaanteede strateegiline anal\u00fc\u00fcs 2011.aastal. 2011<\/li>\n<li>2010.a asta liiklusloenduse tulemused. 2011<\/li>\n<li>Mnt nr 11390 Tallinn-Rannam\u00f5isa-Kloogaranna teel\u00f5igu km 2,612-36,8 ja mnt nr 11410 Kiia-V\u00e4\u00e4na-Viti teel\u00f5igu km 0,0-13,5 liiklusohutuse inspekteerimine. 2010<\/li>\n<li>2009. aasta liiklusloenduse tulemused. 2010<\/li>\n<li>P\u00f5levkiviaheraine kasutusv\u00f5imaluste uurimine tee muldkeha ehitamisel. 2009-2012<\/li>\n<li>Statsionaarsete kiiruskaamerate m\u00f5ju hinnang s\u00f5idukiirustele. 2009<\/li>\n<li>P\u00f5himaantee nr 2 Tallinn-Tartu-V\u00f5ru-Luhamaa teel\u00f5ikude km 27 (Aruvalla) kuni km 86 (Tarbja) ja km 90 (M\u00e4o) kuni km 179 (Tiksoja) liiklusohutuse inspekteerimine. 2009<\/li>\n<li>Graniitkillustiku kui kohaliku ehitusmaterjali kasutusv\u00f5imalused, lubjakivi asendusv\u00e4\u00e4rtuse eksperthinnang. 2009<\/li>\n<li>2008. aasta liiklusloenduse tulemused. 2009<\/li>\n<li>Liiklus\u00f5nnetuste koondumiskohtade v\u00e4ljaselgitamine ja nende ohutustamise programmi koostamine. 2008<\/li>\n<li>Kunda Nordic Tsemendi klinkritolmu kasutusv\u00f5imalused teedeehituses. 2008<\/li>\n<li>Tallinn-Narva mnt V\u00e4o-Maardu teel\u00f5igu s\u00fcvendamine paekihti. 2008<\/li>\n<li>2007. aasta liiklusloenduse tulemused. 2008<\/li>\n<li>Kergliiklusteede vajadus ja nende planeerimine P\u00f5ltsamaa (4P) piirkonda. 2007<\/li>\n<li>S\u00f5idutee roopa s\u00fcgavuse m\u00f5\u00f5tmistulemuste kasutamine. 2007<\/li>\n<li>Kiiruste automaatkontrolli arendusvariandid. 2006-2007<\/li>\n<li>Liikluse rahustamise tehniliste vahendite anal\u00fc\u00fcs ja soovituste t\u00e4psustamine nende kasutamiseks. 2005<\/li>\n<li>\u00dclevaade kinnisvara hindamismetoodikatest. Riigimaanteede p\u00f5hivarana hindamise metoodikad Eesti l\u00e4hiregioonides. 2005<\/li>\n<li>Vanade rehvide taaskasutamise v\u00f5imalusi. 2002<\/li>\n<\/ul>\n<\/div>\n<\/div>\n<\/div>\n","protected":false},"excerpt":{"rendered":"","protected":false},"author":1,"featured_media":0,"parent":0,"menu_order":0,"comment_status":"closed","ping_status":"closed","template":"","meta":{"footnotes":""},"class_list":["post-137","page","type-page","status-publish","hentry"],"yoast_head":"<!-- This site is optimized with the Yoast SEO plugin v26.9 - https:\/\/yoast.com\/product\/yoast-seo-wordpress\/ -->\n<title>Consultants - ERC Konsultatsiooni O\u00dc<\/title>\n<meta name=\"description\" content=\"ERC Konsultatsiooni O\u00dc konsultandid omavad pikaajalist t\u00f6\u00f6kogemust oma erialal nii Eestis kui ka mujal maailmas.\" \/>\n<meta name=\"robots\" content=\"index, follow, max-snippet:-1, max-image-preview:large, max-video-preview:-1\" \/>\n<link rel=\"canonical\" href=\"https:\/\/www.ercc.ee\/en\/consultants\/\" \/>\n<meta property=\"og:locale\" content=\"en_US\" \/>\n<meta property=\"og:type\" content=\"article\" \/>\n<meta property=\"og:title\" content=\"Consultants - ERC Konsultatsiooni O\u00dc\" \/>\n<meta property=\"og:description\" content=\"ERC Konsultatsiooni O\u00dc konsultandid omavad pikaajalist t\u00f6\u00f6kogemust oma erialal nii Eestis kui ka mujal maailmas.\" \/>\n<meta property=\"og:url\" content=\"https:\/\/www.ercc.ee\/en\/consultants\/\" \/>\n<meta property=\"og:site_name\" content=\"ERC Konsultatsiooni O\u00dc\" \/>\n<meta property=\"article:modified_time\" content=\"2015-04-05T15:07:41+00:00\" \/>\n<meta name=\"twitter:label1\" content=\"Est. reading time\" \/>\n\t<meta name=\"twitter:data1\" content=\"7 minutes\" \/>\n<script type=\"application\/ld+json\" class=\"yoast-schema-graph\">{\"@context\":\"https:\/\/schema.org\",\"@graph\":[{\"@type\":\"WebPage\",\"@id\":\"https:\/\/www.ercc.ee\/en\/consultants\/\",\"url\":\"https:\/\/www.ercc.ee\/en\/consultants\/\",\"name\":\"Consultants - ERC Konsultatsiooni O\u00dc\",\"isPartOf\":{\"@id\":\"https:\/\/www.ercc.ee\/en\/#website\"},\"datePublished\":\"2015-03-10T09:54:11+00:00\",\"dateModified\":\"2015-04-05T15:07:41+00:00\",\"description\":\"ERC Konsultatsiooni O\u00dc konsultandid omavad pikaajalist t\u00f6\u00f6kogemust oma erialal nii Eestis kui ka mujal maailmas.\",\"breadcrumb\":{\"@id\":\"https:\/\/www.ercc.ee\/en\/consultants\/#breadcrumb\"},\"inLanguage\":\"en-US\",\"potentialAction\":[{\"@type\":\"ReadAction\",\"target\":[\"https:\/\/www.ercc.ee\/en\/consultants\/\"]}]},{\"@type\":\"BreadcrumbList\",\"@id\":\"https:\/\/www.ercc.ee\/en\/consultants\/#breadcrumb\",\"itemListElement\":[{\"@type\":\"ListItem\",\"position\":1,\"name\":\"Home\",\"item\":\"https:\/\/www.ercc.ee\/en\/\"},{\"@type\":\"ListItem\",\"position\":2,\"name\":\"Consultants\"}]},{\"@type\":\"WebSite\",\"@id\":\"https:\/\/www.ercc.ee\/en\/#website\",\"url\":\"https:\/\/www.ercc.ee\/en\/\",\"name\":\"ERC Konsultatsiooni O\u00dc\",\"description\":\"\",\"potentialAction\":[{\"@type\":\"SearchAction\",\"target\":{\"@type\":\"EntryPoint\",\"urlTemplate\":\"https:\/\/www.ercc.ee\/en\/?s={search_term_string}\"},\"query-input\":{\"@type\":\"PropertyValueSpecification\",\"valueRequired\":true,\"valueName\":\"search_term_string\"}}],\"inLanguage\":\"en-US\"}]}<\/script>\n<!-- \/ Yoast SEO plugin. -->","yoast_head_json":{"title":"Consultants - ERC Konsultatsiooni O\u00dc","description":"ERC Konsultatsiooni O\u00dc konsultandid omavad pikaajalist t\u00f6\u00f6kogemust oma erialal nii Eestis kui ka mujal maailmas.","robots":{"index":"index","follow":"follow","max-snippet":"max-snippet:-1","max-image-preview":"max-image-preview:large","max-video-preview":"max-video-preview:-1"},"canonical":"https:\/\/www.ercc.ee\/en\/consultants\/","og_locale":"en_US","og_type":"article","og_title":"Consultants - ERC Konsultatsiooni O\u00dc","og_description":"ERC Konsultatsiooni O\u00dc konsultandid omavad pikaajalist t\u00f6\u00f6kogemust oma erialal nii Eestis kui ka mujal maailmas.","og_url":"https:\/\/www.ercc.ee\/en\/consultants\/","og_site_name":"ERC Konsultatsiooni O\u00dc","article_modified_time":"2015-04-05T15:07:41+00:00","twitter_misc":{"Est. reading time":"7 minutes"},"schema":{"@context":"https:\/\/schema.org","@graph":[{"@type":"WebPage","@id":"https:\/\/www.ercc.ee\/en\/consultants\/","url":"https:\/\/www.ercc.ee\/en\/consultants\/","name":"Consultants - ERC Konsultatsiooni O\u00dc","isPartOf":{"@id":"https:\/\/www.ercc.ee\/en\/#website"},"datePublished":"2015-03-10T09:54:11+00:00","dateModified":"2015-04-05T15:07:41+00:00","description":"ERC Konsultatsiooni O\u00dc konsultandid omavad pikaajalist t\u00f6\u00f6kogemust oma erialal nii Eestis kui ka mujal maailmas.","breadcrumb":{"@id":"https:\/\/www.ercc.ee\/en\/consultants\/#breadcrumb"},"inLanguage":"en-US","potentialAction":[{"@type":"ReadAction","target":["https:\/\/www.ercc.ee\/en\/consultants\/"]}]},{"@type":"BreadcrumbList","@id":"https:\/\/www.ercc.ee\/en\/consultants\/#breadcrumb","itemListElement":[{"@type":"ListItem","position":1,"name":"Home","item":"https:\/\/www.ercc.ee\/en\/"},{"@type":"ListItem","position":2,"name":"Consultants"}]},{"@type":"WebSite","@id":"https:\/\/www.ercc.ee\/en\/#website","url":"https:\/\/www.ercc.ee\/en\/","name":"ERC Konsultatsiooni O\u00dc","description":"","potentialAction":[{"@type":"SearchAction","target":{"@type":"EntryPoint","urlTemplate":"https:\/\/www.ercc.ee\/en\/?s={search_term_string}"},"query-input":{"@type":"PropertyValueSpecification","valueRequired":true,"valueName":"search_term_string"}}],"inLanguage":"en-US"}]}},"_links":{"self":[{"href":"https:\/\/www.ercc.ee\/en\/wp-json\/wp\/v2\/pages\/137","targetHints":{"allow":["GET"]}}],"collection":[{"href":"https:\/\/www.ercc.ee\/en\/wp-json\/wp\/v2\/pages"}],"about":[{"href":"https:\/\/www.ercc.ee\/en\/wp-json\/wp\/v2\/types\/page"}],"author":[{"embeddable":true,"href":"https:\/\/www.ercc.ee\/en\/wp-json\/wp\/v2\/users\/1"}],"replies":[{"embeddable":true,"href":"https:\/\/www.ercc.ee\/en\/wp-json\/wp\/v2\/comments?post=137"}],"version-history":[{"count":3,"href":"https:\/\/www.ercc.ee\/en\/wp-json\/wp\/v2\/pages\/137\/revisions"}],"predecessor-version":[{"id":140,"href":"https:\/\/www.ercc.ee\/en\/wp-json\/wp\/v2\/pages\/137\/revisions\/140"}],"wp:attachment":[{"href":"https:\/\/www.ercc.ee\/en\/wp-json\/wp\/v2\/media?parent=137"}],"curies":[{"name":"wp","href":"https:\/\/api.w.org\/{rel}","templated":true}]}}