{"id":141,"date":"2015-03-10T09:54:55","date_gmt":"2015-03-10T09:54:55","guid":{"rendered":"https:\/\/www.ercc.ee\/kontakt-2\/"},"modified":"2015-07-27T09:24:00","modified_gmt":"2015-07-27T09:24:00","slug":"contacts","status":"publish","type":"page","link":"https:\/\/www.ercc.ee\/en\/contacts\/","title":{"rendered":"Contacts"},"content":{"rendered":"<div class=\"six column \">\n<strong>ERC Consulting Ltd.<br \/>\n<\/strong><\/p>\n<p>Postal address: V\u00e4ike-Ameerika 15-9, 10129, Tallinn<\/p>\n<p>Register code: 10116362<br \/>\nVAT-number: EE100141555<br \/>\nIBAN: EE222200221001154828<br \/>\nSWIFT\/BIC: HABAEE2X<\/p>\n<p>E-mail: info@ercc.ee<br \/>\nPhone: +372 526 9894\n<\/p><\/div>\n<div class=\"six column \">\n\n<div class=\"wpcf7 no-js\" id=\"wpcf7-f144-o1\" lang=\"en-US\" dir=\"ltr\" data-wpcf7-id=\"144\">\n<div class=\"screen-reader-response\"><p role=\"status\" aria-live=\"polite\" aria-atomic=\"true\"><\/p> <ul><\/ul><\/div>\n<form action=\"\/en\/wp-json\/wp\/v2\/pages\/141#wpcf7-f144-o1\" method=\"post\" class=\"wpcf7-form init\" aria-label=\"Contact form\" novalidate=\"novalidate\" data-status=\"init\">\n<fieldset class=\"hidden-fields-container\"><input type=\"hidden\" name=\"_wpcf7\" value=\"144\" \/><input type=\"hidden\" name=\"_wpcf7_version\" value=\"6.1.4\" \/><input type=\"hidden\" name=\"_wpcf7_locale\" value=\"en_US\" \/><input type=\"hidden\" name=\"_wpcf7_unit_tag\" value=\"wpcf7-f144-o1\" \/><input type=\"hidden\" name=\"_wpcf7_container_post\" value=\"0\" \/><input type=\"hidden\" name=\"_wpcf7_posted_data_hash\" value=\"\" \/>\n<\/fieldset>\n<div class=\"wpcf7-turnstile cf-turnstile\" data-sitekey=\"0x4AAAAAABqhKz1_cewLQghS\" data-response-field-name=\"_wpcf7_turnstile_response\"><\/div>\n\n<p><span class=\"wpcf7-form-control-wrap\" data-name=\"nimi\"><input size=\"40\" maxlength=\"400\" class=\"wpcf7-form-control wpcf7-text wpcf7-validates-as-required\" aria-required=\"true\" aria-invalid=\"false\" placeholder=\"Name *\" value=\"\" type=\"text\" name=\"nimi\" \/><\/span>\n<\/p>\n<p><span class=\"wpcf7-form-control-wrap\" data-name=\"e-mail\"><input size=\"40\" maxlength=\"400\" class=\"wpcf7-form-control wpcf7-email wpcf7-validates-as-required wpcf7-text wpcf7-validates-as-email\" aria-required=\"true\" aria-invalid=\"false\" placeholder=\"E-mail *\" value=\"\" type=\"email\" name=\"e-mail\" \/><\/span>\n<\/p>\n<p><span class=\"wpcf7-form-control-wrap\" data-name=\"sonum\"><textarea cols=\"40\" rows=\"10\" maxlength=\"2000\" class=\"wpcf7-form-control wpcf7-textarea wpcf7-validates-as-required\" aria-required=\"true\" aria-invalid=\"false\" placeholder=\"Message *\" name=\"sonum\"><\/textarea><\/span>\n<\/p>\n<p><input class=\"wpcf7-form-control wpcf7-submit has-spinner\" type=\"submit\" value=\"SEND\" \/>\n<\/p><div class=\"wpcf7-response-output\" aria-hidden=\"true\"><\/div>\n<\/form>\n<\/div>\n\n<\/div>\n","protected":false},"excerpt":{"rendered":"","protected":false},"author":1,"featured_media":0,"parent":0,"menu_order":0,"comment_status":"closed","ping_status":"closed","template":"","meta":{"footnotes":""},"class_list":["post-141","page","type-page","status-publish","hentry"],"yoast_head":"<!-- This site is optimized with the Yoast SEO plugin v26.9 - https:\/\/yoast.com\/product\/yoast-seo-wordpress\/ -->\n<title>Contacts - ERC Konsultatsiooni O\u00dc<\/title>\n<meta name=\"description\" content=\"ERC Konsultatsiooni O\u00dc konsultantidega on v\u00f5imalik \u00fchendust v\u00f5tta v\u00e4ljatoodud kontaktandmete v\u00f5i kontaktvormi vahendusel.\" \/>\n<meta name=\"robots\" content=\"index, follow, max-snippet:-1, max-image-preview:large, max-video-preview:-1\" \/>\n<link rel=\"canonical\" href=\"https:\/\/www.ercc.ee\/en\/contacts\/\" \/>\n<meta property=\"og:locale\" content=\"en_US\" \/>\n<meta property=\"og:type\" content=\"article\" \/>\n<meta property=\"og:title\" content=\"Contacts - ERC Konsultatsiooni O\u00dc\" \/>\n<meta property=\"og:description\" content=\"ERC Konsultatsiooni O\u00dc konsultantidega on v\u00f5imalik \u00fchendust v\u00f5tta v\u00e4ljatoodud kontaktandmete v\u00f5i kontaktvormi vahendusel.\" \/>\n<meta property=\"og:url\" content=\"https:\/\/www.ercc.ee\/en\/contacts\/\" \/>\n<meta property=\"og:site_name\" content=\"ERC Konsultatsiooni O\u00dc\" \/>\n<meta property=\"article:modified_time\" content=\"2015-07-27T09:24:00+00:00\" \/>\n<script type=\"application\/ld+json\" class=\"yoast-schema-graph\">{\"@context\":\"https:\/\/schema.org\",\"@graph\":[{\"@type\":\"WebPage\",\"@id\":\"https:\/\/www.ercc.ee\/en\/contacts\/\",\"url\":\"https:\/\/www.ercc.ee\/en\/contacts\/\",\"name\":\"Contacts - ERC Konsultatsiooni O\u00dc\",\"isPartOf\":{\"@id\":\"https:\/\/www.ercc.ee\/en\/#website\"},\"datePublished\":\"2015-03-10T09:54:55+00:00\",\"dateModified\":\"2015-07-27T09:24:00+00:00\",\"description\":\"ERC Konsultatsiooni O\u00dc konsultantidega on v\u00f5imalik \u00fchendust v\u00f5tta v\u00e4ljatoodud kontaktandmete v\u00f5i kontaktvormi vahendusel.\",\"breadcrumb\":{\"@id\":\"https:\/\/www.ercc.ee\/en\/contacts\/#breadcrumb\"},\"inLanguage\":\"en-US\",\"potentialAction\":[{\"@type\":\"ReadAction\",\"target\":[\"https:\/\/www.ercc.ee\/en\/contacts\/\"]}]},{\"@type\":\"BreadcrumbList\",\"@id\":\"https:\/\/www.ercc.ee\/en\/contacts\/#breadcrumb\",\"itemListElement\":[{\"@type\":\"ListItem\",\"position\":1,\"name\":\"Home\",\"item\":\"https:\/\/www.ercc.ee\/en\/\"},{\"@type\":\"ListItem\",\"position\":2,\"name\":\"Contacts\"}]},{\"@type\":\"WebSite\",\"@id\":\"https:\/\/www.ercc.ee\/en\/#website\",\"url\":\"https:\/\/www.ercc.ee\/en\/\",\"name\":\"ERC Konsultatsiooni O\u00dc\",\"description\":\"\",\"potentialAction\":[{\"@type\":\"SearchAction\",\"target\":{\"@type\":\"EntryPoint\",\"urlTemplate\":\"https:\/\/www.ercc.ee\/en\/?s={search_term_string}\"},\"query-input\":{\"@type\":\"PropertyValueSpecification\",\"valueRequired\":true,\"valueName\":\"search_term_string\"}}],\"inLanguage\":\"en-US\"}]}<\/script>\n<!-- \/ Yoast SEO plugin. -->","yoast_head_json":{"title":"Contacts - ERC Konsultatsiooni O\u00dc","description":"ERC Konsultatsiooni O\u00dc konsultantidega on v\u00f5imalik \u00fchendust v\u00f5tta v\u00e4ljatoodud kontaktandmete v\u00f5i kontaktvormi vahendusel.","robots":{"index":"index","follow":"follow","max-snippet":"max-snippet:-1","max-image-preview":"max-image-preview:large","max-video-preview":"max-video-preview:-1"},"canonical":"https:\/\/www.ercc.ee\/en\/contacts\/","og_locale":"en_US","og_type":"article","og_title":"Contacts - ERC Konsultatsiooni O\u00dc","og_description":"ERC Konsultatsiooni O\u00dc konsultantidega on v\u00f5imalik \u00fchendust v\u00f5tta v\u00e4ljatoodud kontaktandmete v\u00f5i kontaktvormi vahendusel.","og_url":"https:\/\/www.ercc.ee\/en\/contacts\/","og_site_name":"ERC Konsultatsiooni O\u00dc","article_modified_time":"2015-07-27T09:24:00+00:00","schema":{"@context":"https:\/\/schema.org","@graph":[{"@type":"WebPage","@id":"https:\/\/www.ercc.ee\/en\/contacts\/","url":"https:\/\/www.ercc.ee\/en\/contacts\/","name":"Contacts - ERC Konsultatsiooni O\u00dc","isPartOf":{"@id":"https:\/\/www.ercc.ee\/en\/#website"},"datePublished":"2015-03-10T09:54:55+00:00","dateModified":"2015-07-27T09:24:00+00:00","description":"ERC Konsultatsiooni O\u00dc konsultantidega on v\u00f5imalik \u00fchendust v\u00f5tta v\u00e4ljatoodud kontaktandmete v\u00f5i kontaktvormi vahendusel.","breadcrumb":{"@id":"https:\/\/www.ercc.ee\/en\/contacts\/#breadcrumb"},"inLanguage":"en-US","potentialAction":[{"@type":"ReadAction","target":["https:\/\/www.ercc.ee\/en\/contacts\/"]}]},{"@type":"BreadcrumbList","@id":"https:\/\/www.ercc.ee\/en\/contacts\/#breadcrumb","itemListElement":[{"@type":"ListItem","position":1,"name":"Home","item":"https:\/\/www.ercc.ee\/en\/"},{"@type":"ListItem","position":2,"name":"Contacts"}]},{"@type":"WebSite","@id":"https:\/\/www.ercc.ee\/en\/#website","url":"https:\/\/www.ercc.ee\/en\/","name":"ERC Konsultatsiooni O\u00dc","description":"","potentialAction":[{"@type":"SearchAction","target":{"@type":"EntryPoint","urlTemplate":"https:\/\/www.ercc.ee\/en\/?s={search_term_string}"},"query-input":{"@type":"PropertyValueSpecification","valueRequired":true,"valueName":"search_term_string"}}],"inLanguage":"en-US"}]}},"_links":{"self":[{"href":"https:\/\/www.ercc.ee\/en\/wp-json\/wp\/v2\/pages\/141","targetHints":{"allow":["GET"]}}],"collection":[{"href":"https:\/\/www.ercc.ee\/en\/wp-json\/wp\/v2\/pages"}],"about":[{"href":"https:\/\/www.ercc.ee\/en\/wp-json\/wp\/v2\/types\/page"}],"author":[{"embeddable":true,"href":"https:\/\/www.ercc.ee\/en\/wp-json\/wp\/v2\/users\/1"}],"replies":[{"embeddable":true,"href":"https:\/\/www.ercc.ee\/en\/wp-json\/wp\/v2\/comments?post=141"}],"version-history":[{"count":6,"href":"https:\/\/www.ercc.ee\/en\/wp-json\/wp\/v2\/pages\/141\/revisions"}],"predecessor-version":[{"id":183,"href":"https:\/\/www.ercc.ee\/en\/wp-json\/wp\/v2\/pages\/141\/revisions\/183"}],"wp:attachment":[{"href":"https:\/\/www.ercc.ee\/en\/wp-json\/wp\/v2\/media?parent=141"}],"curies":[{"name":"wp","href":"https:\/\/api.w.org\/{rel}","templated":true}]}}