{"id":155,"date":"2015-03-10T09:54:38","date_gmt":"2015-03-10T09:54:38","guid":{"rendered":"https:\/\/www.ercc.ee\/partnerid-2\/"},"modified":"2015-04-05T15:41:28","modified_gmt":"2015-04-05T15:41:28","slug":"partners","status":"publish","type":"page","link":"https:\/\/www.ercc.ee\/en\/partners\/","title":{"rendered":"Partners"},"content":{"rendered":"<p><a title=\"FinnOC Ltd.\" href=\"http:\/\/www.finnoc.fi\" target=\"_blank\"><img loading=\"lazy\" decoding=\"async\" width=\"133\" height=\"80\" class=\"alignleft size-full wp-image-123\" src=\"https:\/\/www.ercc.ee\/wp-content\/uploads\/finnoc-logo.png\" alt=\"Finnoc\" \/><\/a> <a title=\"ViaTech AS\" href=\"http:\/\/www.viatech.no\/\" target=\"_blank\"><img loading=\"lazy\" decoding=\"async\" width=\"122\" height=\"80\" class=\"alignleft size-full wp-image-124\" src=\"https:\/\/www.ercc.ee\/wp-content\/uploads\/viatech-logo.png\" alt=\"Viatech\" \/><\/a> <a title=\"Sirway Ltd\" href=\"http:\/\/www.sirway.info\/\" target=\"_blank\"><img loading=\"lazy\" decoding=\"async\" width=\"173\" height=\"80\" class=\"alignleft size-full wp-image-146\" src=\"https:\/\/www.ercc.ee\/wp-content\/uploads\/sirway-logo.png\" alt=\"Sirway\" \/><\/a> <a title=\"Maanteeamet\" href=\"http:\/\/www.mnt.ee\/\" target=\"_blank\"><img loading=\"lazy\" decoding=\"async\" width=\"168\" height=\"80\" class=\"alignleft size-full wp-image-150\" src=\"https:\/\/www.ercc.ee\/wp-content\/uploads\/maanteeamet-logo.png\" alt=\"Maanteeamet\" \/><\/a> <a title=\"Stricto Project\" href=\"http:\/\/www.stricto.ee\" target=\"_blank\"><img loading=\"lazy\" decoding=\"async\" width=\"196\" height=\"80\" class=\"alignleft size-full wp-image-152\" src=\"https:\/\/www.ercc.ee\/wp-content\/uploads\/stricto-logo.png\" alt=\"Stricto Project\" \/><\/a><\/p>\n","protected":false},"excerpt":{"rendered":"","protected":false},"author":1,"featured_media":0,"parent":0,"menu_order":0,"comment_status":"closed","ping_status":"closed","template":"","meta":{"footnotes":""},"class_list":["post-155","page","type-page","status-publish","hentry"],"yoast_head":"<!-- This site is optimized with the Yoast SEO plugin v26.9 - https:\/\/yoast.com\/product\/yoast-seo-wordpress\/ -->\n<title>Partners - ERC Konsultatsiooni O\u00dc<\/title>\n<meta name=\"description\" content=\"ERC Konsultatsiooni O\u00dc koost\u00f6\u00f6partnerid\" \/>\n<meta name=\"robots\" content=\"index, follow, max-snippet:-1, max-image-preview:large, max-video-preview:-1\" \/>\n<link rel=\"canonical\" href=\"https:\/\/www.ercc.ee\/en\/partners\/\" \/>\n<meta property=\"og:locale\" content=\"en_US\" \/>\n<meta property=\"og:type\" content=\"article\" \/>\n<meta property=\"og:title\" content=\"Partners - ERC Konsultatsiooni O\u00dc\" \/>\n<meta property=\"og:description\" content=\"ERC Konsultatsiooni O\u00dc koost\u00f6\u00f6partnerid\" \/>\n<meta property=\"og:url\" content=\"https:\/\/www.ercc.ee\/en\/partners\/\" \/>\n<meta property=\"og:site_name\" content=\"ERC Konsultatsiooni O\u00dc\" \/>\n<meta property=\"article:modified_time\" content=\"2015-04-05T15:41:28+00:00\" \/>\n<meta property=\"og:image\" content=\"https:\/\/www.ercc.ee\/wp-content\/uploads\/finnoc-logo.png\" \/>\n<script type=\"application\/ld+json\" class=\"yoast-schema-graph\">{\"@context\":\"https:\/\/schema.org\",\"@graph\":[{\"@type\":\"WebPage\",\"@id\":\"https:\/\/www.ercc.ee\/en\/partners\/\",\"url\":\"https:\/\/www.ercc.ee\/en\/partners\/\",\"name\":\"Partners - ERC Konsultatsiooni O\u00dc\",\"isPartOf\":{\"@id\":\"https:\/\/www.ercc.ee\/en\/#website\"},\"primaryImageOfPage\":{\"@id\":\"https:\/\/www.ercc.ee\/en\/partners\/#primaryimage\"},\"image\":{\"@id\":\"https:\/\/www.ercc.ee\/en\/partners\/#primaryimage\"},\"thumbnailUrl\":\"https:\/\/www.ercc.ee\/wp-content\/uploads\/finnoc-logo.png\",\"datePublished\":\"2015-03-10T09:54:38+00:00\",\"dateModified\":\"2015-04-05T15:41:28+00:00\",\"description\":\"ERC Konsultatsiooni O\u00dc koost\u00f6\u00f6partnerid\",\"breadcrumb\":{\"@id\":\"https:\/\/www.ercc.ee\/en\/partners\/#breadcrumb\"},\"inLanguage\":\"en-US\",\"potentialAction\":[{\"@type\":\"ReadAction\",\"target\":[\"https:\/\/www.ercc.ee\/en\/partners\/\"]}]},{\"@type\":\"ImageObject\",\"inLanguage\":\"en-US\",\"@id\":\"https:\/\/www.ercc.ee\/en\/partners\/#primaryimage\",\"url\":\"https:\/\/www.ercc.ee\/wp-content\/uploads\/finnoc-logo.png\",\"contentUrl\":\"https:\/\/www.ercc.ee\/wp-content\/uploads\/finnoc-logo.png\"},{\"@type\":\"BreadcrumbList\",\"@id\":\"https:\/\/www.ercc.ee\/en\/partners\/#breadcrumb\",\"itemListElement\":[{\"@type\":\"ListItem\",\"position\":1,\"name\":\"Home\",\"item\":\"https:\/\/www.ercc.ee\/en\/\"},{\"@type\":\"ListItem\",\"position\":2,\"name\":\"Partners\"}]},{\"@type\":\"WebSite\",\"@id\":\"https:\/\/www.ercc.ee\/en\/#website\",\"url\":\"https:\/\/www.ercc.ee\/en\/\",\"name\":\"ERC Konsultatsiooni O\u00dc\",\"description\":\"\",\"potentialAction\":[{\"@type\":\"SearchAction\",\"target\":{\"@type\":\"EntryPoint\",\"urlTemplate\":\"https:\/\/www.ercc.ee\/en\/?s={search_term_string}\"},\"query-input\":{\"@type\":\"PropertyValueSpecification\",\"valueRequired\":true,\"valueName\":\"search_term_string\"}}],\"inLanguage\":\"en-US\"}]}<\/script>\n<!-- \/ Yoast SEO plugin. -->","yoast_head_json":{"title":"Partners - ERC Konsultatsiooni O\u00dc","description":"ERC Konsultatsiooni O\u00dc koost\u00f6\u00f6partnerid","robots":{"index":"index","follow":"follow","max-snippet":"max-snippet:-1","max-image-preview":"max-image-preview:large","max-video-preview":"max-video-preview:-1"},"canonical":"https:\/\/www.ercc.ee\/en\/partners\/","og_locale":"en_US","og_type":"article","og_title":"Partners - ERC Konsultatsiooni O\u00dc","og_description":"ERC Konsultatsiooni O\u00dc koost\u00f6\u00f6partnerid","og_url":"https:\/\/www.ercc.ee\/en\/partners\/","og_site_name":"ERC Konsultatsiooni O\u00dc","article_modified_time":"2015-04-05T15:41:28+00:00","og_image":[{"url":"https:\/\/www.ercc.ee\/wp-content\/uploads\/finnoc-logo.png","type":"","width":"","height":""}],"schema":{"@context":"https:\/\/schema.org","@graph":[{"@type":"WebPage","@id":"https:\/\/www.ercc.ee\/en\/partners\/","url":"https:\/\/www.ercc.ee\/en\/partners\/","name":"Partners - ERC Konsultatsiooni O\u00dc","isPartOf":{"@id":"https:\/\/www.ercc.ee\/en\/#website"},"primaryImageOfPage":{"@id":"https:\/\/www.ercc.ee\/en\/partners\/#primaryimage"},"image":{"@id":"https:\/\/www.ercc.ee\/en\/partners\/#primaryimage"},"thumbnailUrl":"https:\/\/www.ercc.ee\/wp-content\/uploads\/finnoc-logo.png","datePublished":"2015-03-10T09:54:38+00:00","dateModified":"2015-04-05T15:41:28+00:00","description":"ERC Konsultatsiooni O\u00dc koost\u00f6\u00f6partnerid","breadcrumb":{"@id":"https:\/\/www.ercc.ee\/en\/partners\/#breadcrumb"},"inLanguage":"en-US","potentialAction":[{"@type":"ReadAction","target":["https:\/\/www.ercc.ee\/en\/partners\/"]}]},{"@type":"ImageObject","inLanguage":"en-US","@id":"https:\/\/www.ercc.ee\/en\/partners\/#primaryimage","url":"https:\/\/www.ercc.ee\/wp-content\/uploads\/finnoc-logo.png","contentUrl":"https:\/\/www.ercc.ee\/wp-content\/uploads\/finnoc-logo.png"},{"@type":"BreadcrumbList","@id":"https:\/\/www.ercc.ee\/en\/partners\/#breadcrumb","itemListElement":[{"@type":"ListItem","position":1,"name":"Home","item":"https:\/\/www.ercc.ee\/en\/"},{"@type":"ListItem","position":2,"name":"Partners"}]},{"@type":"WebSite","@id":"https:\/\/www.ercc.ee\/en\/#website","url":"https:\/\/www.ercc.ee\/en\/","name":"ERC Konsultatsiooni O\u00dc","description":"","potentialAction":[{"@type":"SearchAction","target":{"@type":"EntryPoint","urlTemplate":"https:\/\/www.ercc.ee\/en\/?s={search_term_string}"},"query-input":{"@type":"PropertyValueSpecification","valueRequired":true,"valueName":"search_term_string"}}],"inLanguage":"en-US"}]}},"_links":{"self":[{"href":"https:\/\/www.ercc.ee\/en\/wp-json\/wp\/v2\/pages\/155","targetHints":{"allow":["GET"]}}],"collection":[{"href":"https:\/\/www.ercc.ee\/en\/wp-json\/wp\/v2\/pages"}],"about":[{"href":"https:\/\/www.ercc.ee\/en\/wp-json\/wp\/v2\/types\/page"}],"author":[{"embeddable":true,"href":"https:\/\/www.ercc.ee\/en\/wp-json\/wp\/v2\/users\/1"}],"replies":[{"embeddable":true,"href":"https:\/\/www.ercc.ee\/en\/wp-json\/wp\/v2\/comments?post=155"}],"version-history":[{"count":1,"href":"https:\/\/www.ercc.ee\/en\/wp-json\/wp\/v2\/pages\/155\/revisions"}],"predecessor-version":[{"id":156,"href":"https:\/\/www.ercc.ee\/en\/wp-json\/wp\/v2\/pages\/155\/revisions\/156"}],"wp:attachment":[{"href":"https:\/\/www.ercc.ee\/en\/wp-json\/wp\/v2\/media?parent=155"}],"curies":[{"name":"wp","href":"https:\/\/api.w.org\/{rel}","templated":true}]}}